{"id":8,"date":"2024-07-10T13:47:56","date_gmt":"2024-07-10T13:47:56","guid":{"rendered":"https:\/\/www.hoza.es\/?page_id=8"},"modified":"2026-01-15T12:21:33","modified_gmt":"2026-01-15T12:21:33","slug":"votre-solution-logistique","status":"publish","type":"page","link":"https:\/\/www.hoza.es\/","title":{"rendered":"Votre solution logistique"},"content":{"rendered":"\n<p><strong>Bienvenue chez Hoza<\/strong><\/p>\n\n\n\n<p>Chez Hoza, nous sommes fiers d\u2019offrir des <a href=\"https:\/\/gooding-sudouest.fr\/\">solutions innovantes et sur mesure <\/a>pour le transport et le stockage des mat\u00e9riaux. Avec plus de 80 ans d\u2019exp\u00e9rience, nous avons acquis une expertise in\u00e9gal\u00e9e dans la conception et la fabrication de conteneurs roulants, de chariots et d\u2019autres solutions logistiques.<\/p>\n\n\n\n<p><strong>Nos Produits<\/strong><\/p>\n\n\n\n<p><strong>Conteneurs et Palettes<\/strong><\/p>\n\n\n\n<p>Nos conteneurs et palettes sont con\u00e7us pour maximiser l\u2019efficacit\u00e9 du transport et du stockage. Nous proposons une gamme de produits adapt\u00e9s \u00e0 diff\u00e9rents types de mat\u00e9riaux et environnements, garantissant robustesse et durabilit\u00e9.<\/p>\n\n\n\n<p><strong>Solutions Logistiques<\/strong><\/p>\n\n\n\n<p>Nous fournissons des solutions logistiques avanc\u00e9es pour optimiser les flux de travail et am\u00e9liorer la gestion des stocks. Nos syst\u00e8mes de gestion de la cha\u00eene d\u2019approvisionnement assurent une tra\u00e7abilit\u00e9 et une efficacit\u00e9 accrues.<\/p>\n\n\n\n<p><strong>Nos Services<\/strong><\/p>\n\n\n\n<p><strong>Personnalisation<\/strong><\/p>\n\n\n\n<p>Hoza offre des services de personnalisation pour r\u00e9pondre aux exigences sp\u00e9cifiques de chaque client. Que vous ayez besoin de dimensions particuli\u00e8res, de mat\u00e9riaux sp\u00e9cifiques ou de fonctionnalit\u00e9s sur mesure, nous pouvons adapter nos produits \u00e0 vos besoins.<\/p>\n\n\n\n<p><strong>Support Technique<\/strong><\/p>\n\n\n\n<p>Notre \u00e9quipe de support technique est disponible pour vous aider \u00e0 chaque \u00e9tape, de la conception \u00e0 la mise en \u0153uvre de nos solutions. Nous assurons \u00e9galement un service apr\u00e8s-vente r\u00e9actif pour garantir votre satisfaction continue.<\/p>\n\n\n\n<p><strong>Engagement Environnemental<\/strong><\/p>\n\n\n\n<p>Nous nous engageons \u00e0 <a href=\"https:\/\/www.galius.fr\/\">promouvoir des pratiques durables<\/a> et \u00e0 r\u00e9duire notre impact environnemental. Nos produits sont con\u00e7us pour \u00eatre r\u00e9utilisables et recyclables, contribuant ainsi \u00e0 la protection de notre plan\u00e8te.<\/p>\n\n\n\n<p><strong>Nos R\u00e9alisations<\/strong><\/p>\n\n\n\n<p>Nous avons collabor\u00e9 avec des entreprises innovantes telles que L\u2019Atelier<a href=\"https:\/\/www.lateliergourmand.fr\/\"> Gourmand<\/a>, <a href=\"https:\/\/lateliergourmand.fr\/\">un portail d\u00e9di\u00e9 au lifestyle et \u00e0 la maison<\/a>, et Ceramika<a href=\"https:\/\/www.ceramikadrive.fr\/\"> Drive<\/a>, un site d\u00e9di\u00e9 aux <a href=\"http:\/\/ceramikadrive.fr\">travaux, \u00e0 l\u2019automobile et au jardin<\/a>. Ces collaborations t\u00e9moignent de notre capacit\u00e9 \u00e0 fournir des solutions adapt\u00e9es \u00e0 divers secteurs.<\/p>\n\n\n\n<p><strong>Contactez-nous<\/strong><\/p>\n\n\n\n<p>Pour en savoir plus sur nos produits et services ou pour discuter de vos besoins sp\u00e9cifiques, n\u2019h\u00e9sitez pas \u00e0 nous contacter. Hoza est votre partenaire de confiance pour des <a href=\"https:\/\/bikeloc.fr\/\">solutions de transport<\/a> et de stockage de qualit\u00e9 sup\u00e9rieure.<\/p>\n\n\n\n<p>Sources : <a href=\"https:\/\/www.marieclaire.fr\/maison\/adresses-incontournables\/ceramika-drive-lexpert-revetement-de-sol-et-mur-en-region-lyonnaise\/\">Marie-Claire<\/a>,\u00a0<a href=\"https:\/\/www.linternaute.fr\/sortir\/guides-de-france\/1458056-ile-d-oleron-visiter-activites-plages-le-guide\/\">L\u2019internaute<\/a>,\u00a0<a href=\"https:\/\/www.france-pittoresque.com\/spip.php?rubrique57\">France Pittoresque<\/a>,\u00a0<a href=\"https:\/\/www.motomag.com\/-Location-.html\">Motomag<\/a>,\u00a0<a href=\"https:\/\/www.motoservices.com\/location\/liens.htm\">Motoservices<\/a>,\u00a0<a href=\"https:\/\/www.france-hotel-guide.com\/fr\/blog\/location-scooter-paris\/\">France-Hotel-Guide<\/a>,\u00a0<a href=\"http:\/\/www.liensutiles.org\/villesfrancpsg.htm\">Liens Utiles<\/a>,\u00a0<a href=\"https:\/\/mesinfos.fr\/auvergne-rhone-alpes\/tourisme-galius-veut-creer-sa-plateforme-20-104795.html\">Mesinfos<\/a>,\u00a0<a href=\"https:\/\/www.maddyness.com\/2022\/05\/25\/startups-tourisme-2022\/\">Maddyness<\/a>,\u00a0<a href=\"https:\/\/leplongeoir.substack.com\/p\/le-tourisme-du-futur\">LePlongeoir<\/a>, <a href=\"https:\/\/www.marmiton.org\/forum\/viandes-charcuterie\/question-conservation-sandwichs-fd51801\">Marmiton<\/a>, <a href=\"https:\/\/www.marmiton.org\/forum\/coin-salon\/mardi-en-forme-fd174206#af-post-174206-1585\">Marmiton<\/a>, <a href=\"https:\/\/maigrir.aufeminin.com\/forum\/j-ai-pris-beaucoup-de-poids-fd5705749#af-post-5705749-62770\">Au Feminin<\/a>, <a href=\"https:\/\/maison.aufeminin.com\/forum\/help-u-truc-contre-les-puces-fd4514157#af-post-4514157-69797\">Au Feminin<\/a>, <a href=\"https:\/\/www.marmiton.org\/forum\/mieux-manger\/complements-alimentaires-fd173694\">Marmiton<\/a>, <a href=\"https:\/\/www.techno-science.net\/forum\/viewtopic.php?f=14&amp;t=61814\">Techno Science<\/a>, <a href=\"http:\/\/www.tram-garonne.fr\/\">Tram Garonne<\/a>, <a href=\"https:\/\/corot3-kasc7.sciencesconf.org\/resource\/page\/id\/9.html\">Sciences Conf<\/a>, <a href=\"https:\/\/www.tripexpert.com\/toulouse\/hotels\/hotel-saint-claire\">Tripexpert<\/a>, <a href=\"https:\/\/forums.commentcamarche.net\/forum\/affich-38151044-facebook-rencontres-je-ne-le-trouve-pas\">Commentcamarche<\/a>, <a href=\"http:\/\/ici.radio-canada.ca\/emissions\/pour_le_plaisir\/2012-2013\/Reportage.asp?idDoc=273360\">Radio Canada<\/a>, <a href=\"https:\/\/www.linternaute.com\/restaurant\/restaurant\/153264\/les-enfants-terribles.shtml\/\">Linternaute<\/a>, <a href=\"https:\/\/old.cimi.univ-toulouse.fr\/optimisation\/fr\/informations-pratiques-2.html\">Universit\u00e9 de Toulouse<\/a>, <a href=\"https:\/\/www.lebonbon.fr\/nantes\/les-tops-food-et-drink\/des-cantines-bio-et-locavores-a-nantes\/\">Le Bonbon<\/a>, <a href=\"https:\/\/blogs.cotemaison.fr\/mademoiselle-cecile\/2019\/12\/22\/vivre-chez-le-corbusier-au-sein-de-la-villa-stein\/\">C\u00f4t\u00e9 Maison<\/a>, <a href=\"https:\/\/www.motomag.com\/-Achat-ventes-occasions-.html\">Motomag<\/a>, <a href=\"https:\/\/fr.wikipedia.org\/wiki\/Thierry_Vigneau_Boiserie\">Wiki<\/a>, <a href=\"https:\/\/forum.doctissimo.fr\/viepratique\/automobile\/rappel-voiture-citroen-sujet_9354_1.htm\">Doctissimo<\/a>, <a href=\"https:\/\/forum.doctissimo.fr\/sante\/anorexie-boulimie\/hyperphagie-arreter-commence-sujet_216321_1.htm\">Doctissimo<\/a>, <a href=\"https:\/\/www.huffingtonpost.fr\/actualites\/article\/pierre-auge-est-le-top-chef-2014-on-a-interviewe-le-gagnant-de-la-cinquieme-saison_35816.html\">HuffPost<\/a>, <a href=\"https:\/\/www.midilibre.fr\/2016\/01\/12\/concevoir-sa-maison-sur-le-web-avec-made-in-plan,1268802.php\">Midilibre<\/a>, <a href=\"https:\/\/fr.ik.gaultmillau.com\/en\/restaurant\/auberge-de-combes-restaurant\">Gault&amp;Millau<\/a>, <a href=\"https:\/\/www.groupon.fr\/biz\/nantes\/les-enfants-terribles\">Groupon<\/a>, <a href=\"https:\/\/www.afnic.fr\/observatoire-ressources\/actualites\/25-ans-du-fr-les-laureats-du-concours-the-french-reconnection-recompenses\/\">Afnic<\/a>, <a href=\"https:\/\/www.welcometothejungle.com\/fr\/articles\/smoothies-innocent-stars-sur-les-reseaux-sociaux-community-management\">Welcometothejungle<\/a>, <a href=\"https:\/\/www.orange-business.com\/fr\/blogs\/usages-dentreprise\/entreprise-20\/revue-de-presse-du-label-b2b-ndeg24-hp-open-source-et-bing\">Orange Business<\/a>, <a href=\"https:\/\/www.cnews.fr\/conso\/2020-08-04\/bikeloc-lagence-de-location-de-motos-et-scooters-paris-985119\">Cnews<\/a>, <a href=\"https:\/\/moto-station.com\/moto-revue\/essai\/leonart-daytona-125-permis-b-et-reve-americain\">Moto-Station<\/a>, <a href=\"https:\/\/www.francebleu.fr\/infos\/faits-divers-justice\/le-secours-populaire-de-l-herault-lance-sa-bibliotheque-numerique-1646842193\">france bleu,<\/a> <a href=\"https:\/\/www.usinenouvelle.com\/article\/industrie-4-o-20-acteurs-reconnus-pour-leur-expertise.N2001952\">Usine Nouvelle<\/a>, Vogue, <a href=\"https:\/\/www.lesinrocks.com\/musique\/festival-elektricity-reims-capitale-16226-19-09-2012\/\">Inrocks<\/a>, <a href=\"https:\/\/www.francebleu.fr\/infos\/economie-social\/la-nouvelle-eco-a-garderes-la-ferme-theas-n-en-finit-pas-de-conquerir-de-nouveaux-clients-1602511350\">France Bleu<\/a>, <a href=\"https:\/\/www.reseau-entreprendre.org\/normandie-seine-et-eure\/2024\/06\/20\/accompagnement-creation-d-entreprise-amfreville-la-mi-voie-entreprise-deshays-2\/\">r\u00e9seau Entreprendre<\/a>,<\/p>\n\n\n\n<p>Partenaires : <a href=\"https:\/\/www.creatine-academie.com\/\">guide pour se muscler<\/a>, le <a href=\"https:\/\/www.st-claire.eu\/\">guide \u00e0 Toulouse<\/a>, <a href=\"https:\/\/www.pausefeminine.com\/\">pause f\u00e9minine<\/a>, <a href=\"https:\/\/www.leanova.fr\/\">Leanova<\/a>, <a href=\"https:\/\/nexustrat.eu\/\">Nexustrat<\/a>, <a href=\"https:\/\/www.miobar.fr\/\">Miobar<\/a>, <a href=\"https:\/\/www.le-spot.eu\/\">Le Spot<\/a>, <a href=\"https:\/\/www.artisan-paris.fr\/\">Artisan Paris<\/a><\/p>\n","protected":false},"excerpt":{"rendered":"<p>Bienvenue chez Hoza Chez Hoza, nous sommes fiers d\u2019offrir des solutions innovantes et sur mesure pour le transport et le stockage des mat\u00e9riaux. Avec plus de 80 ans d\u2019exp\u00e9rience, nous avons acquis une expertise in\u00e9gal\u00e9e dans la conception et la fabrication de conteneurs roulants, de chariots et d\u2019autres solutions logistiques. Nos Produits Conteneurs et Palettes [&hellip;]<\/p>\n","protected":false},"author":1,"featured_media":0,"parent":0,"menu_order":0,"comment_status":"closed","ping_status":"closed","template":"","meta":{"footnotes":""},"class_list":["post-8","page","type-page","status-publish","hentry"],"_links":{"self":[{"href":"https:\/\/www.hoza.es\/index.php?rest_route=\/wp\/v2\/pages\/8","targetHints":{"allow":["GET"]}}],"collection":[{"href":"https:\/\/www.hoza.es\/index.php?rest_route=\/wp\/v2\/pages"}],"about":[{"href":"https:\/\/www.hoza.es\/index.php?rest_route=\/wp\/v2\/types\/page"}],"author":[{"embeddable":true,"href":"https:\/\/www.hoza.es\/index.php?rest_route=\/wp\/v2\/users\/1"}],"replies":[{"embeddable":true,"href":"https:\/\/www.hoza.es\/index.php?rest_route=%2Fwp%2Fv2%2Fcomments&post=8"}],"version-history":[{"count":6,"href":"https:\/\/www.hoza.es\/index.php?rest_route=\/wp\/v2\/pages\/8\/revisions"}],"predecessor-version":[{"id":25,"href":"https:\/\/www.hoza.es\/index.php?rest_route=\/wp\/v2\/pages\/8\/revisions\/25"}],"wp:attachment":[{"href":"https:\/\/www.hoza.es\/index.php?rest_route=%2Fwp%2Fv2%2Fmedia&parent=8"}],"curies":[{"name":"wp","href":"https:\/\/api.w.org\/{rel}","templated":true}]}}